{"id":13,"date":"2021-10-29T19:02:55","date_gmt":"2021-10-29T17:02:55","guid":{"rendered":"http:\/\/tangoitinerant.com\/index.php\/one-page-express\/"},"modified":"2025-10-14T11:46:43","modified_gmt":"2025-10-14T09:46:43","slug":"one-page-express","status":"publish","type":"page","link":"https:\/\/tangoitinerant.com\/","title":{"rendered":"Front Page"},"content":{"rendered":"<div  id=\"accueil\" class=\"features-coloured-icon-boxes-section\" style=\"background-color: rgb(255, 255, 255);\" data-label=\"Accueil\" data-id=\"stripped-coloured-icon-boxes\" data-category=\"overlapable\" data-overlap=\"true\">\n<div  class=\"gridContainer\">\n<div  class=\"features-coloured-icon-boxes-innerrow flexbox-list dark-text\" data-type=\"row\">\n<div  class=\"features-coloured-icon-boxes-featurecol cp3cols\">\n<div  class=\"features-coloured-icon-boxes-iconcontainer\" data-content-item-container=\"true\"><\/div>\n<h4  class=\"\">Ambiance d\u00e9contract\u00e9e<\/h4>\n<p  class=\"\">Avec Tango Itin\u00e9rant on d\u00e9poussi\u00e8re le Tango !<\/p>\nPour nous le Tango c\u2019est avant tout une danse de connexion avec soi-m\u00eame et avec les autres. Alors venez comme vous \u00eates, c\u2019est tout ce qui nous int\u00e9resse !\n\n<\/div>\n<div  class=\"features-coloured-icon-boxes-featurecol cp3cols\">\n<div  class=\"features-coloured-icon-boxes-iconcontainer\" data-content-item-container=\"true\"><\/div>\n<h4  class=\"\">Enseignement de qualit\u00e9<\/h4>\n<p  class=\"\">Grande qualit\u00e9 technique et p\u00e9dagogie \u00e0 toute \u00e9preuve, c\u2019est ce que nous demandons aux professeurs et aux intervenants qui animent les cours et les stages propos\u00e9s par Tango Itin\u00e9rant.<\/p>\n\n<\/div>\n<div  class=\"features-coloured-icon-boxes-featurecol cp3cols\">\n<div  class=\"features-coloured-icon-boxes-iconcontainer\" data-content-item-container=\"true\"><\/div>\n<h4  class=\"\">Progression adapt\u00e9e\n<\/h4>\n<p  class=\"\">Chaque \u00e9l\u00e8ve progresse \u00e0 son rythme et les cours sont \u00e9tudi\u00e9s pour \u00eatre accessibles \u00e0 tous.<\/p>\n\n<\/div>\n<\/div>\n<\/div>\n<\/div><div  data-label=\"Content\" data-id=\"content-image-left\" data-category=\"content\" class=\"content-left-image-section content-image-left\" id=\"content-3\" style=\"background-color: rgb(255, 255, 255);\"> <div  class=\"gridContainer\"> <div  class=\"row\"> <div  class=\"content-left-image-imgcol\" data-type=\"column\"> <img  decoding=\"async\" src=\"http:\/\/tangoitinerant.com\/wp-content\/uploads\/2025\/10\/Copie-de-Copie-de-Copie-de-Copie-de-FLYER-GRENOBLE-2.jpg\" class=\"\" alt=\"\"> <\/div> <div  class=\"content-left-image-textcol dynamic-color\" data-type=\"column\"> <h2  class=\"\">Nouveau cours pour d\u00e9butants \u00e0 Besan\u00e7on&nbsp;<\/h2> <p  class=\"large_text\">En plus de Grenoble nous proposons un nouveau cours \u00e0 Besan\u00e7on !\n<br ><br >Venez d\u00e9couvrir la magie du Tango Argentin dans la ville natale de Victor Hugo qui a, parait-il, r\u00e9pondu \u00e0 la question d\u2019\u00e9crire une suite \u00e0 Notre Dame de Paris : \u201cJe peux pas, j\u2019ai Tango !\u201d &nbsp;(^^) !&nbsp;<\/p> <a class=\"button blue\" href=\"https:\/\/www.facebook.com\/events\/4149875725328068?acontext=%7B%22event_action_history%22%3A%5B%7B%22surface%22%3A%22notifications_tab%22%7D%2C%7B%22mechanism%22%3A%22attachment%22%2C%22surface%22%3A%22newsfeed%22%7D%5D%2C%22ref_notif_type%22%3A%22feedback_reaction_generic%22%7D\" target=\"_blank\" rel=\"noopener\"> Evenement Facebook <\/a> <\/div> <\/div> <\/div> <\/div><div  data-label=\"Cest la rentre\" data-id=\"content-full-left-image-section\" data-category=\"content\" class=\"content-full-left-image-section\" id=\"cest-la-rentre\" style=\"background-color: rgb(246, 246, 246);\"> <div  class=\"content-full-left-image-innerrow\"> <div  data-bg=\"image\" class=\"content-full-left-image-imgcol\" style=\"background-image: url(&quot;http:\/\/tangoitinerant.com\/wp-content\/uploads\/2024\/09\/cropped-Tango-avec-Gentiane.jpg&quot;);\"><\/div> <div  class=\"content-full-left-image-textcol dynamic-color\"> <div  data-type=\"column\" class=\"\">  <h2  class=\"\">Vous \u00eates \u00e0 un pas de d\u00e9couvrir un nouvel univers<\/h2> <p  class=\"\">Venez d\u00e9couvrir une danse de connexion avec vous m\u00eame, la musique et les autres ! \n<br ><br >Aucune base n\u2019est n\u00e9cessaire pour d\u00e9couvrir le Tango Argentin, uniquement la curiosit\u00e9 et l\u2019envie d\u2019\u00eatre surpris.e !\n<br >\n<br >Votre histoire avec le Tango, commencera par un premier pas que nous serons heureux d\u2019accompagner.<br >\n\n<br >Faites-nous confiance pour \u00eatre \u00e0 vos c\u00f4t\u00e9s dans votre d\u00e9couverte et votre progression !<\/p> <\/div> <div  class=\"content-full-left-image-featuresrow\"> <div  class=\"content-full-left-image-featurescol\" data-type=\"column\"><a href=\"#contact\" class=\"\" target=\"_self\" rel=\"noopener\">Contact<\/a>     <\/div> <div  class=\"content-full-left-image-featurescol\" data-type=\"column\"><a href=\"#tarifs\" class=\"\" target=\"_self\" rel=\"noopener\">Tarifs<\/a>     <\/div> <\/div> <\/div> <\/div><\/div><div  data-label=\"Double r\u00f4le\" data-id=\"content-full-right-image-section\" data-category=\"content\" class=\"content-full-right-image-section\" id=\"double-role\" style=\"background-color: rgb(255, 255, 255);\"> <div  class=\"content-full-right-image-innerrow\"> <div  class=\"content-full-right-image-textcol dynamic-color\"> <div  data-type=\"column\" class=\"\">  <h2  class=\"\">Double r\u00f4le<\/h2> <p  class=\"\">Dans nos cours collectifs vous apprendrez aussi bien \u00e0 guider qu\u2019\u00e0 \u00eatre guid\u00e9. \n<br >Vous d\u00e9couvrirez ainsi les sensations qui vont avec ces 2 r\u00f4les et vous pourrez choisir l\u2019apprentissage des 2 ou en privil\u00e8gier un.<\/p> <\/div> <div  class=\"content-full-right-image-featuresrow\"> <div  class=\"content-full-right-image-featurescol\" data-type=\"column\">     <\/div> <div  class=\"content-full-right-image-featurescol\" data-type=\"column\">     <\/div> <\/div> <\/div> <div  data-bg=\"image\" class=\"content-full-right-image-imgcol\" style=\"background-image: url(&quot;http:\/\/tangoitinerant.com\/wp-content\/uploads\/2024\/08\/Tango.jpg&quot;);\"><\/div> <\/div><\/div><div  data-label=\"apprentissage\" data-id=\"about-big-images-section\" data-category=\"about\" class=\"about-big-images-section\" id=\"apprentissage\" style=\"background-color: rgb(246, 246, 246);\"> <div  class=\"gridContainer\"> <div  class=\"about-big-images-textrow\"> <div  class=\"about-big-images-textcol dynamic-color\" data-type=\"column\"> <h5  class=\"\">Apprentissage<\/h5> <h3  class=\"\">Toutes les cl\u00e9s pour r\u00e9ussir<\/h3> <p  class=\"\">Tango Itin\u00e9rant propose des cours collectifs pour d\u00e9butants, \u00e0 Besan\u00e7on :<br ><br >TOUS LES MARDIS : 18h30 \u00e0 20h, au 37 rue Battant (Besan\u00e7on).<br ><br >et des cours pour interm\u00e9diaires \u00e0 Grenoble :\n<br ><br >TOUS LES MERCREDIS : 18h \u00e0 19h30,&nbsp;au 163 Cours Berriat (Grenoble).<br ><br >Ainsi que des COURS PARTICULIERS dans les 2 villes.<\/p>  <\/div> <\/div> <\/div> <div  class=\"about-big-images-bottomrow\"> <div  class=\"about-big-images-leftimgcol\"><img  decoding=\"async\" class=\"about-big-images-leftimg\" src=\"http:\/\/tangoitinerant.com\/wp-content\/uploads\/2022\/11\/Groupe-1-Grenoble-19-10-22-.jpeg\" alt=\"\"> <\/div> <div  class=\"about-big-images-centerimgcol\"><img  decoding=\"async\" class=\"about-big-images-centerimg\" src=\"http:\/\/tangoitinerant.com\/wp-content\/uploads\/2023\/08\/Groupe-a-Hop2.jpg\" alt=\"\"> <\/div> <div  class=\"about-big-images-rightimgcol\"><img  decoding=\"async\" class=\"about-big-images-rightimg\" src=\"http:\/\/tangoitinerant.com\/wp-content\/uploads\/2023\/08\/Groupe-BajArt-2023-2.jpg\" alt=\"\"> <\/div> <\/div> <\/div><div  data-label=\"Carte Cadeau\" data-id=\"features-image-cards-section\" data-category=\"features\" class=\"features-image-cards-section\" style=\"background-color: rgb(255, 255, 255);\" id=\"carte-cadeau-1\"> <div  class=\"gridContainer\"> <div  class=\"features-image-cards-textrow\"> <div  class=\"features-image-cards-textcol dynamic-color\" data-type=\"column\"> <h2  class=\"\">Carte Cadeau<\/h2> <p  class=\"\">Si vous \u00eates \u00e0 la recherche d\u2019un cadeau original je vous propose\nd\u2019offrir la d\u00e9couverte d\u2019une nouvelle exp\u00e9rience !\n<br ><br >Offrez des cours particulier de Tango et faites d\u00e9couvrir \u00e0 vos proches des sensations uniques !\n<br ><br >Les cours particuliers peuvent \u00eatre pour une personne : 50 \u20ac par cours ou pour 2 personnes : 70 \u20ac par cours.\n<br ><br >Il est possible de r\u00e9server 1 ou plusieurs cours et il existe des formules, voir la partie Tarifs<br ><br >Vous recevrez une belle carte cadeau personnalis\u00e9e \u00e0 offrir ou \u00e0 s\u2019offrir !<\/p> <img  decoding=\"async\" class=\"custom-image\" src=\"http:\/\/tangoitinerant.com\/wp-content\/uploads\/2024\/12\/PSX_20241208_155430-scaled.jpg\" alt=\"\"><a href=\"#tarifs\" class=\"\" target=\"_self\" rel=\"noopener\">Tarifs<\/a><\/div> <\/div> <div  class=\"features-image-cards-innerrow flexbox-list dark-text\" data-type=\"row\">  <div  class=\"features-image-cards-cardcol cp4cols cp6cols-tablet\"> <div  class=\"features-image-cards-cardrow\"> <div  class=\"features-image-cards-cardtextrow\" data-type=\"column\">    <\/div> <\/div> <\/div>  <\/div> <\/div><\/div><div  data-label=\"Tarifs\" data-id=\"about-text-icons-section\" data-category=\"about\" class=\"about-text-icons-section\" id=\"tarifs\" style=\"background-color: rgb(255, 255, 255);\"> <div  class=\"gridContainer\"> <div  class=\"about-text-icons-innerrow dynamic-color\"> <div  class=\"about-text-icons-textcol\" data-type=\"column\">  <h3  class=\"\">Tarifs<\/h3>  <p  class=\"\">Pour vous ou sous forme de carte cadeau personnalis\u00e9e !<\/p><img  decoding=\"async\" class=\"custom-image\" src=\"http:\/\/tangoitinerant.com\/wp-content\/uploads\/2024\/10\/Copie-de-Copie-de-Noir-Dore-Etoiles-Paillettes-Bonne-Annee-Carte.jpg\" alt=\"\"><\/div> <div  class=\"about-text-icons-cols flexbox-list\"> <div  class=\"about-text-icons-iconcol\"> <i  data-cp-fa=\"true\" class=\"font-icon-21 fa fa-hand-pointer-o\" data-reiki-hidden=\"true\"><\/i> <h4  class=\"\">Cours collectifs et stages<\/h4> <p  class=\"\">Cours collectifs :<br >350 \u20ac l\u2019ann\u00e9e<br >300 \u20ac en tarif r\u00e9duit*<br >*\u00e9tudiant.e. ou \u00e0 la recherche d\u2019un emploi, sur justificatif.<\/p><a href=\"#\" target=\"_self\" data-reiki-hidden=\"true\" rel=\"noopener\"><i  data-cp-fa=\"true\" class=\"font-icon-20 fa fa-angle-double-right\"><\/i>&nbsp;learn more<\/a> <\/div> <div  class=\"about-text-icons-iconcol\"> <i  data-cp-fa=\"true\" class=\"font-icon-21 fa fa-hand-peace-o\" data-reiki-hidden=\"true\"><\/i> <h4  class=\"\">Cours particuliers solo<\/h4> <p  class=\"\">La formule o\u00f9 l\u2019on progresse tr\u00e8s \n<br >vite !<br ><br >Cours d\u20191h : 50 \u20ac<br >Formule 5 cours : 235 \u20ac<br >Formule 10 cours : 490 \u20ac et le 11eme offert en carte cadeau non nominative.&nbsp;<\/p><a href=\"#\" target=\"_self\" data-reiki-hidden=\"true\" rel=\"noopener\"><i  data-cp-fa=\"true\" class=\"font-icon-20 fa fa-angle-double-right\"><\/i>&nbsp;learn more<\/a> <\/div> <div  class=\"about-text-icons-iconcol\"> <i  data-cp-fa=\"true\" class=\"font-icon-21 fa fa-pie-chart\" data-reiki-hidden=\"true\"><\/i> <h4  class=\"\">Cours particuliers duo<\/h4> <p  class=\"\">Pour apprendre en couple ou avec un.e ami.e.<br ><br >Cours d\u20191h : 70 \u20ac<br >Formule 5h : 330 \u20ac<br >Formule 10h : 690 \u20ac et le 11eme<br >offert en carte cadeau non nominative.<\/p><a href=\"#\" target=\"_self\" data-reiki-hidden=\"true\" rel=\"noopener\"><i  data-cp-fa=\"true\" class=\"font-icon-20 fa fa-angle-double-right\"><\/i>&nbsp;learn more<\/a> <\/div> <div  class=\"about-text-icons-iconcol\"> <i  data-cp-fa=\"true\" class=\"font-icon-21 fa fa-shopping-cart\" data-reiki-hidden=\"true\"><\/i> <h4  class=\"\">Avantage parrainage<\/h4> <p  class=\"\">Vous \u00eates conquis par notre enseignement, parlez-en ! <br >10 \u20ac de r\u00e9duction offerts  sur votre prochain cours particulier*. <br ><br >*il suffit que votre ami.e se pr\u00e9sente de votre part \u00e0 la prise de RDV.&nbsp;<\/p><a href=\"#\" target=\"_self\" data-reiki-hidden=\"true\" rel=\"noopener\"><i  data-cp-fa=\"true\" class=\"font-icon-20 fa fa-angle-double-right\"><\/i>&nbsp;learn more<\/a> <\/div> <\/div> <\/div> <\/div><\/div><div  data-label=\"Contact\" data-id=\"stripped-features-image-cards-section\" data-category=\"overlapable\" data-=\"\" class=\"features-image-cards-section stripped-features-image-cards-section\" data-overlap=\"true\" id=\"contact\" style=\"background-color: rgb(246, 246, 246);\"> <div  class=\"gridContainer\"> <div  class=\"features-image-cards-innerrow flexbox-list\" data-type=\"row\"> <div  class=\"features-image-cards-cardcol cp4cols cp6cols-tablet\"> <div  class=\"features-image-cards-cardrow\"><img  decoding=\"async\" class=\"features-image-cards-featimg\" src=\"https:\/\/tangoitinerant.com\/wp-content\/plugins\/one-page-express-companion\/theme-data\/one-page-express\/sections\/images\/rodion-kutsaev-184298-1920x1280.jpg\"> <div  class=\"features-image-cards-cardtextrow\" data-type=\"column\"> <h4  class=\"\">Par tel<\/h4> <p  class=\"\">Ivan Pelletier\n<br >06 52 52 93 47<\/p>  <\/div> <\/div> <\/div> <div  class=\"features-image-cards-cardcol cp4cols cp6cols-tablet\"> <div  class=\"features-image-cards-cardrow\"><img  decoding=\"async\" class=\"features-image-cards-featimg\" src=\"https:\/\/tangoitinerant.com\/wp-content\/plugins\/one-page-express-companion\/theme-data\/one-page-express\/sections\/images\/project2.jpg\"> <div  class=\"features-image-cards-cardtextrow\" data-type=\"column\"> <h4  class=\"\">Par mail<\/h4> <p  class=\"\">tangoitinerant@gmail.com&nbsp;<\/p>  <\/div> <\/div> <\/div>  <\/div> <\/div><\/div><div  data-label=\"Mais aussi\" data-id=\"clients-grid-section\" data-category=\"clients\" class=\"clients-grid-section\" id=\"mais-aussi-1\" style=\"background-color: rgb(255, 255, 255);\"> <div  class=\"gridContainer\"> <div  class=\"clients-grid-textrow row\" data-type=\"column\"> <div  data-type=\"column\" class=\"clients-grid-textcol dynamic-color\">   <h1  class=\"\">Mais aussi<\/h1><h5  class=\"\">Nous proposons \u00e9galement des cours priv\u00e9s (nous contacter), des stages, des milongas et d\u2019autres activit\u00e9s li\u00e9s aux valeurs du Tango Argentin (l\u2019\u00e9coute de l\u2019autre, le dialogue permanent, l\u2019adaptation) comme des sessions de coh\u00e9sion d\u2019\u00e9quipe ou de la danse adapt\u00e9e.<\/h5><\/div> <\/div> <div  class=\"row\" data-type=\"row\" data-add-content=\"false\">     <a href=\"#\" target=\"blank\" rel=\"noopener noreferrer\"> <\/a>   <\/div> <\/div><\/div><div  data-label=\"Bilan fin des cours 2023\" data-id=\"about-images-right-section\" data-category=\"about\" class=\"about-images-right-section\" id=\"bilan-fin-des-cours-2023\" style=\"background-color: rgb(246, 246, 246);\"> <div  class=\"gridContainer dynamic-color\"> <div  class=\"about-images-right-innerrow dynamic-color\"> <div  class=\"about-images-right-textcol\" data-type=\"column\">  <h2  class=\"about-images-right-bigtitle\">Merci aux<br ><span  href=\"#\" class=\"span24\">formidables \u00e9l\u00e8ves&nbsp;<\/span>des cours 2023 \/ 2024 !<\/h2> <p  class=\"\">Quelle ann\u00e9e riche en \u00e9motions ! Je suis heureux de vous avoir eus pour \u00e9l\u00e8ves et tr\u00e8s fier de vous avoir accompagn\u00e9s, dans votre \u00e9volution, dans l\u2019univers du tango !\n<br >On se retrouve en septembre pour continuer \u00e0 progresser !<\/p>  <\/div> <div  class=\"about-images-right-imgcol\"><img  decoding=\"async\" class=\"about-images-right-topimg\" src=\"http:\/\/tangoitinerant.com\/wp-content\/uploads\/2024\/08\/20240625_211405-scaled.jpg\" alt=\"\"><img  decoding=\"async\" class=\"about-images-right-rightimg\" src=\"http:\/\/tangoitinerant.com\/wp-content\/uploads\/2023\/08\/Groupe-a-Hop2.jpg\" alt=\"\"><img  decoding=\"async\" class=\"about-images-right-leftimg\" src=\"http:\/\/tangoitinerant.com\/wp-content\/uploads\/2024\/08\/20240626_205615-scaled.jpg\" alt=\"\"> <\/div> <\/div> <\/div><\/div><div  data-label=\"Initiation  Decathlon\" data-id=\"stripped-about-four-boxes-section\" data-category=\"overlapable\" class=\"stripped-about-four-boxes-section\" data-overlap=\"true\" id=\"initiation-decathlon\" style=\"background-color: rgb(246, 246, 246);\"> <div  class=\"gridContainer\"> <div  class=\"about-four-boxes-innerrow flexbox-list\"> <div  class=\"about-four-boxes-imgcol\" data-bg=\"image\" style=\"background-image: url(&quot;http:\/\/tangoitinerant.com\/wp-content\/uploads\/2022\/11\/Initiation-Tango-Decathlon-11-2022-1-scaled.jpg&quot;);\"><\/div> <div  class=\"about-four-boxes-textcol\" data-type=\"column\">  <h2  class=\"\">Initiation \u00e0 Decathlon<\/h2> <p  class=\"\">Nous avons v\u00e9cu un tr\u00e8s beau moment \u00e0 Decathlon Caserne de Bonne (Grenoble) avec une initiation Tango qui a r\u00e9uni beaucoup de monde !<\/p> <\/div> <div  class=\"about-four-boxes-textcol\" data-type=\"column\">   <p  class=\"\">Vous \u00e9tiez nombreux et tr\u00e8s motiv\u00e9s pour d\u00e9couvrir les belles sensations que procure le Tango !<\/p> <img  decoding=\"async\" class=\"custom-image\" src=\"http:\/\/tangoitinerant.com\/wp-content\/uploads\/2022\/11\/Initiation-Tango-Decathlon-11-2022-3-scaled.jpg\" alt=\"\"><\/div> <div  class=\"about-four-boxes-imgcol2\" data-bg=\"image\" style=\"background-image: url(&quot;http:\/\/tangoitinerant.com\/wp-content\/uploads\/2022\/11\/Initiation-Tango-Decathlon-11-2022-2-scaled.jpg&quot;);\"><\/div> <\/div> <\/div><\/div><div  data-label=\"La Porte\u00f1a\" data-id=\"content-image-right\" data-category=\"content\" class=\"content-right-image-section content-image-right\" id=\"la-portena\" style=\"background-color: rgb(255, 255, 255);\"> <div  class=\"gridContainer\"> <div  class=\"content-right-image-gridcol\"> <div  class=\"content-right-image-textcol dynamic-color\" data-type=\"column\"> <h2  class=\"\">Milonga <b >La Porte\u00f1a<\/b><\/h2> <p  class=\"large_text\">Tango Itin\u00e9rant lance une nouvelle milonga \u00e0 Grenoble&nbsp;: \n<br ><b >La Porte\u00f1a<\/b>, dans la tradition des milongas de Buenos Aires, avec un cours et un tirage au sort inclus dans le prix d\u2019entr\u00e9e&nbsp;!\n<br ><br >Apr\u00e8s de nombreux mois pass\u00e9s en Argentine, j\u2019aimerais partager l\u2019ambiance des milongas Porte\u00f1as* (de Buenos Aires),<br >partager quelques particularit\u00e9s que j\u2019aime l\u00e0-bas et qui font le charme de ces milongas&nbsp;:<br >\u2013 un cours qui pr\u00e9c\u00e8de la milonga, pour tous les niveaux (inclus dans le prix d\u2019entr\u00e9e).<br >\u2013 un tirage au sort, qui a lieu au cours de la soir\u00e9e pour gagner une bouteille de mousseux \u00e0 partager entre amis.<br >\u2013 une chacarera que l\u2019on danse tous ensemble&nbsp;: c\u2019est une danse traditionnelle joyeuse du nord de l\u2019argentine.<br ><br >Elle est dans\u00e9e dans presque toutes les milongas porte\u00f1as&nbsp;!<br ><br >Pour cette 1\u00e8re \u00e9dition de la Porte\u00f1a le cours avant la milonga vous  apprendra justement la Chacarera, pour pouvoir la danser ensuite lors de la soir\u00e9e. Venez nombreux&nbsp;!\n<br ><br >Convivialit\u00e9 de l\u2019auberge espagnole ! Pas de restauration en vente sur place.<br >Musicalis\u00e9e par Ivan Pelletier de Tango Itin\u00e9rant<br ><br >*Porte\u00f1a&nbsp;: celle qui vient d\u2019un port (Buenos Aires fut un des ports principaux d\u2019Am\u00e9rique latine). Aujourd\u2019hui il est commun\u00e9ment admis qu\u2019on parle de porte\u00f1a ou porte\u00f1o pour les habitants de la ville de Buenos Aires.<\/p>  <\/div> <div  class=\"content-right-image-imgcol\" data-type=\"column\"> <img  decoding=\"async\" src=\"http:\/\/tangoitinerant.com\/wp-content\/uploads\/2023\/11\/La-Portena.jpg\" class=\"\" alt=\"\"> <\/div> <\/div> <\/div> <\/div><div  data-label=\"Team Building et Inclusion\" data-id=\"about-four-boxes-section\" data-category=\"about\" class=\"about-four-boxes-section\" id=\"team-building-et-inclusion\" style=\"background-color: rgb(246, 246, 246);\"> <div  class=\"gridContainer\"> <div  class=\"about-four-boxes-innerrow flexbox-list\"> <div  class=\"about-four-boxes-imgcol\" data-bg=\"image\" style=\"background-image: url(&quot;http:\/\/tangoitinerant.com\/wp-content\/uploads\/2022\/09\/Tps-conviv-benevoles_tango-c-Y-Petit-1-scaled.jpg&quot;);\"><\/div> <div  class=\"about-four-boxes-textcol\" data-type=\"column\"> <h6  class=\"\">Team Building<\/h6> <h2  class=\"\">Coh\u00e9sion d\u2019\u00e9quipe<\/h2> <p  class=\"\">\u2013 Apprendre \u00e0 s\u2019\u00e9couter autrement que par la parole\n<br >\u2013 Conna\u00eetre ses collaborateurs diff\u00e9remment<br >\u2013 Etablir une connexion pour favoriser le futur travail d\u2019\u00e9quipe<br ><br >Nous proposons une fa\u00e7on originale de souder votre \n<br >\u00e9quipe de travail ! \n<br >Contactez nous pour plus d\u2019infos.<\/p> <\/div> <div  class=\"about-four-boxes-textcol\" data-type=\"column\">  <h6  class=\"\">Danse adapt\u00e9e<\/h6><h2  class=\"\">Tango Inclusif<\/h2> <p  class=\"\">Nous proposons des ateliers de danse inclusive \n<br >pour les personnes en situation de handicap.\n<br ><br >A travers le tango nous travaillons la connexion \n<br >et le partage de sensations et d\u2019informations en \n<br >nous adaptant aux capacit\u00e9s de chacun.<br >Contactez nous pour plus d\u2019infos.<\/p> <\/div> <div  class=\"about-four-boxes-imgcol2\" data-bg=\"image\" style=\"background-image: url(&quot;http:\/\/tangoitinerant.com\/wp-content\/uploads\/2022\/10\/Tango-Inclusif1.jpg&quot;);\"><\/div> <\/div> <\/div><\/div><div  id=\"page-facebook\" class=\"cta-blue-section\" data-label=\"Page facebook\" data-id=\"cta-blue-section\" data-category=\"cta\">\n<div  class=\"\">\n<div  class=\"flexbox-list flexbox-list-align-center row\">\n<div  class=\"cta-blue-textcol dynamic-color\">\n<h2  class=\"cta-blue-text\"><b >Le Tango est un voyage sans retour<\/b><\/h2>\n<\/div>\n<div  class=\"cta-blue-btncol\"><a class=\"button big yellow dark-text\" href=\"https:\/\/www.facebook.com\/Tango-Itinerant-107558405052786\" target=\"_blank\" rel=\"noopener noreferrer\"> Notre page Facebook <\/a><\/div>\n<\/div>\n<\/div>\n<\/div><div  id=\"intervenants\" class=\"team-colors-section\" style=\"background-color: rgb(246, 246, 246);\" data-label=\"Intervenants\" data-id=\"team-colors-section\" data-category=\"team\">\n<div  class=\"gridContainer\">\n<div  class=\"team-colors-textcol dynamic-color\">\n<h2 >Votre enseignant<\/h2>\n<p  class=\"\"><\/p>\n\n<\/div>\n<div  class=\"team-colors-membersrow dark-text\" data-type=\"row\">\n<div  class=\"team-colors-membercol cp6cols-tablet cp6cols\">\n<div  class=\"team-colors-membercard\">\n<div  class=\"team-colors-background\"><\/div>\n<div  class=\"team-colors-memberinfo\" data-type=\"column\"><img  decoding=\"async\" class=\"team-colors-memberimg\" src=\"http:\/\/tangoitinerant.com\/wp-content\/uploads\/2024\/08\/cropped-cropped-Ivan-Pelletier.jpeg\" alt=\"\" data-size=\"500x500\">\n<h4  class=\"team-colors-membername\">Ivan Pelletier<\/h4>\n<p  class=\"\">&nbsp;Form\u00e9 en France puis \u00e0 Buenos Aires, la capitale mondiale du Tango, Ivan transmet avec passion son amour du Tango Argentin.\n<br >Il&nbsp;a \u00e0 coeur de vous guider dans votre progression et de d\u00e9velopper la communaut\u00e9 de danseurs \u00e0 travers des cours, des stages et des milongas.<\/p>\n\n<\/div>\n<div  class=\"team-colors-membericons\" data-type=\"group\"><\/div>\n<\/div>\n<\/div>\n<div  class=\"team-colors-membercol cp6cols-tablet cp6cols\">\n<div  class=\"team-colors-membercard\">\n<div  class=\"team-colors-background\"><\/div>\n<div  class=\"team-colors-memberinfo\" data-type=\"column\"><img  decoding=\"async\" class=\"team-colors-memberimg\" src=\"http:\/\/tangoitinerant.com\/wp-content\/uploads\/2024\/09\/cropped-Tango-avec-Gentiane-1.jpg\" alt=\"\" data-size=\"500x500\">\n<h4  class=\"team-colors-membername\">Invit\u00e9.e.s<\/h4>\n<p  class=\"\">Au cours de l\u2019ann\u00e9e Ivan invite ponctuellement d\u2019autres professeur.e.s et danseuses.eurs exp\u00e9riment\u00e9.e.s pour l\u2019accompagner dans les cours.<\/p>\n\n<\/div>\n<\/div>\n<\/div>\n<\/div>\n<\/div>\n<\/div>","protected":false},"excerpt":{"rendered":"<p>Ambiance d\u00e9contract\u00e9e Avec Tango Itin\u00e9rant on d\u00e9poussi\u00e8re le Tango ! Pour nous le Tango c\u2019est avant tout une danse de connexion avec soi-m\u00eame et avec les autres. Alors venez comme vous \u00eates, c\u2019est tout ce qui nous int\u00e9resse ! Enseignement de qualit\u00e9 Grande qualit\u00e9 technique et p\u00e9dagogie \u00e0 toute \u00e9preuve, c\u2019est ce que nous demandons&hellip; <br \/> <a class=\"button small blue\" href=\"https:\/\/tangoitinerant.com\/index.php\/2021\/10\/29\/bonjour-tout-le-monde\/\">Read more<\/a><\/p>\n","protected":false},"author":1,"featured_media":0,"parent":0,"menu_order":0,"comment_status":"closed","ping_status":"closed","template":"","meta":{"_ti_tpc_template_sync":false,"_ti_tpc_template_id":""},"_links":{"self":[{"href":"https:\/\/tangoitinerant.com\/index.php\/wp-json\/wp\/v2\/pages\/13"}],"collection":[{"href":"https:\/\/tangoitinerant.com\/index.php\/wp-json\/wp\/v2\/pages"}],"about":[{"href":"https:\/\/tangoitinerant.com\/index.php\/wp-json\/wp\/v2\/types\/page"}],"author":[{"embeddable":true,"href":"https:\/\/tangoitinerant.com\/index.php\/wp-json\/wp\/v2\/users\/1"}],"replies":[{"embeddable":true,"href":"https:\/\/tangoitinerant.com\/index.php\/wp-json\/wp\/v2\/comments?post=13"}],"version-history":[{"count":179,"href":"https:\/\/tangoitinerant.com\/index.php\/wp-json\/wp\/v2\/pages\/13\/revisions"}],"predecessor-version":[{"id":529,"href":"https:\/\/tangoitinerant.com\/index.php\/wp-json\/wp\/v2\/pages\/13\/revisions\/529"}],"wp:attachment":[{"href":"https:\/\/tangoitinerant.com\/index.php\/wp-json\/wp\/v2\/media?parent=13"}],"curies":[{"name":"wp","href":"https:\/\/api.w.org\/{rel}","templated":true}]}}